{"id":11937,"date":"2017-05-15T09:53:33","date_gmt":"2017-05-15T09:53:33","guid":{"rendered":"http:\/\/www.ornekdanismanlik.com\/2017\/?page_id=11937"},"modified":"2017-05-15T09:53:33","modified_gmt":"2017-05-15T09:53:33","slug":"cevresel-etki-degerlendirmesi-ced","status":"publish","type":"page","link":"https:\/\/www.ornekdanismanlik.com\/2017\/cevresel-etki-degerlendirmesi-ced\/","title":{"rendered":"\u00c7evresel Etki De\u011ferlendirmesi (\u00c7ED)"},"content":{"rendered":"<div  class=\"fusion-fullwidth fullwidth-box hundred-percent-fullwidth\"  style='background-color: #ffffff;background-position: center center;background-repeat: no-repeat;padding-top:0px;padding-right:0px;padding-bottom:0px;padding-left:0px;'><div class=\"fusion-builder-row fusion-row \"><div  class=\"fusion-layout-column fusion_builder_column fusion_builder_column_1_2  fusion-one-half fusion-column-first 1_2\"  style='margin-top:0px;margin-bottom:20px;width:48%; margin-right: 4%;'>\n\t\t\t\t\t<div class=\"fusion-column-wrapper\" style=\"background-position:left top;background-repeat:no-repeat;-webkit-background-size:cover;-moz-background-size:cover;-o-background-size:cover;background-size:cover;\"  data-bg-url=\"\">\n\t\t\t\t\t\t<div class=\"fusion-slider-sc flexslider flexslider-hover-type-none\" style=\"max-width:100%;height:100%;\"><ul class=\"slides\"><li class=\"image\"><span class=\"hover-type-none\"><img role=\"presentation\" src=\"http:\/\/www.ornekdanismanlik.com\/2017\/wp-content\/uploads\/2012\/07\/portfolio_4.jpg\" \/><\/span><\/li><li class=\"image\"><span class=\"hover-type-none\"><img role=\"presentation\" src=\"http:\/\/www.ornekdanismanlik.com\/2017\/wp-content\/uploads\/2012\/07\/portfolio_5.jpg\" \/><\/span><\/li><\/ul><\/div><div class=\"fusion-sep-clear\"><\/div><div class=\"fusion-separator fusion-full-width-sep sep-none\" style=\"margin-left: auto;margin-right: auto;margin-top:-20px;\"><\/div><div class=\"fusion-clearfix\"><\/div>\n\n\t\t\t\t\t<\/div>\n\t\t\t\t<\/div><div  class=\"fusion-layout-column fusion_builder_column fusion_builder_column_1_2  fusion-one-half fusion-column-last 1_2\"  style='margin-top:0px;margin-bottom:20px;width:48%'>\n\t\t\t\t\t<div class=\"fusion-column-wrapper\" style=\"background-position:left top;background-repeat:no-repeat;-webkit-background-size:cover;-moz-background-size:cover;-o-background-size:cover;background-size:cover;\"  data-bg-url=\"\">\n\t\t\t\t\t\t<div class=\"fusion-title title fusion-title-size-two\" style=\"margin-top:0px;margin-bottom:30px;\"><h2 class=\"title-heading-left\">Avada\u2019s Four Areas of Expertise<\/h2><div class=\"title-sep-container\"><div class=\"title-sep sep-double\" style=\"border-color:#e0dede;\"><\/div><\/div><\/div><p>Lid est laborum dolo rumes fugats untras. Etharums ser quidem rerum facilis dolores nemis omnis fugats vitaes nemo minima rerums unsers sadips amets.. Sed ut perspiciatis unde omnis iste natus error sit voluptatem accusantium doloremque laudantium, totam rem aperiam, eaque ipsa quae ab illo inventore veritatis et quasi architecto beatae vitae dicta sunt explicabo. Nemo enim ipsam voluptatem quia voluptas sit aspernatur aut odit aut fugit, sed quia consequuntur magni dolores eos qui ratione voluptatem sequi nesciunt.. Neque porro quisquam est, qui dolorem ipsum quia dolor sit amet, consectetur, adipisci velit, sed quia non numquam eius modi tempora incidunt ut nemis omnis fugats vitaes nemo minima sadips labore dolore magnam aliuam quaerat voluptatem.<\/p>\n<div class=\"fusion-sep-clear\"><\/div><div class=\"fusion-separator fusion-full-width-sep sep-none\" style=\"margin-left: auto;margin-right: auto;margin-top:-30px;\"><\/div><div class=\"fusion-clearfix\"><\/div>\n\n\t\t\t\t\t<\/div>\n\t\t\t\t<\/div><div  class=\"fusion-layout-column fusion_builder_column fusion_builder_column_1_1  fusion-one-full fusion-column-first fusion-column-last fusion-column-no-min-height 1_1\"  style='margin-top:0px;margin-bottom:0px;'>\n\t\t\t\t\t<div class=\"fusion-column-wrapper\" style=\"background-position:left top;background-repeat:no-repeat;-webkit-background-size:cover;-moz-background-size:cover;-o-background-size:cover;background-size:cover;\"  data-bg-url=\"\">\n\t\t\t\t\t\t<div class=\"fusion-sep-clear\"><\/div><div class=\"fusion-separator fusion-full-width-sep sep-single sep-solid\" style=\"border-color:#e0dede;border-top-width:1px;margin-left: auto;margin-right: auto;margin-top:;margin-bottom:60px;\"><\/div><div class=\"fusion-clearfix\"><\/div>\n\n\t\t\t\t\t<\/div>\n\t\t\t\t<\/div><div  class=\"fusion-layout-column fusion_builder_column fusion_builder_column_1_1  fusion-one-full fusion-column-first fusion-column-last fusion-column-no-min-height 1_1\"  style='margin-top:0px;margin-bottom:0px;'>\n\t\t\t\t\t<div class=\"fusion-column-wrapper\" style=\"background-position:left top;background-repeat:no-repeat;-webkit-background-size:cover;-moz-background-size:cover;-o-background-size:cover;background-size:cover;\"  data-bg-url=\"\">\n\t\t\t\t\t\t<div class=\"fusion-title title fusion-title-size-two\" style=\"margin-top:0px;margin-bottom:30px;\"><h2 class=\"title-heading-left\">Avada\u2019s Other Services<\/h2><div class=\"title-sep-container\"><div class=\"title-sep sep-double\" style=\"border-color:#e0dede;\"><\/div><\/div><\/div><div class=\"fusion-clearfix\"><\/div>\n\n\t\t\t\t\t<\/div>\n\t\t\t\t<\/div><div  class=\"fusion-layout-column fusion_builder_column fusion_builder_column_1_4  fusion-one-fourth fusion-column-first 1_4\"  style='margin-top:0px;margin-bottom:20px;width:22%; margin-right: 4%;'>\n\t\t\t\t\t<div class=\"fusion-column-wrapper\" style=\"background-position:left top;background-repeat:no-repeat;-webkit-background-size:cover;-moz-background-size:cover;-o-background-size:cover;background-size:cover;\"  data-bg-url=\"\">\n\t\t\t\t\t\t<p style=\"margin-bottom: 30px;\">Lid est laborum dolo rumes fugats untras. Etharums ser quidem rerum facilis dolores tium, totam rem aperiam, eaque ipsa quae ab illo inventore veritatis et quasi archgit, magnam aliquam quaerat voluptatem. Asunt in anim uis aute irure dolor ins. Etharums ser quidem rerum facilis dolores nemis omnis fugats vitaes ser.<\/p>\n<div class=\"fusion-clearfix\"><\/div>\n\n\t\t\t\t\t<\/div>\n\t\t\t\t<\/div><div  class=\"fusion-layout-column fusion_builder_column fusion_builder_column_3_4  fusion-three-fourth fusion-column-last 3_4\"  style='margin-top:0px;margin-bottom:20px;width:74%'>\n\t\t\t\t\t<div class=\"fusion-column-wrapper\" style=\"background-position:left top;background-repeat:no-repeat;-webkit-background-size:cover;-moz-background-size:cover;-o-background-size:cover;background-size:cover;\"  data-bg-url=\"\">\n\t\t\t\t\t\t<div class=\"fusion-tabs fusion-tabs-1 classic nav-not-justified horizontal-tabs\"><style type=\"text\/css\">.fusion-tabs.fusion-tabs-1 .nav-tabs li a{border-top-color:#f1f2f2;background-color:#f1f2f2;}.fusion-tabs.fusion-tabs-1 .nav-tabs{background-color:#ffffff;}.fusion-tabs.fusion-tabs-1 .nav-tabs li.active a,.fusion-tabs.fusion-tabs-1 .nav-tabs li.active a:hover,.fusion-tabs.fusion-tabs-1 .nav-tabs li.active a:focus{border-right-color:#ffffff;}.fusion-tabs.fusion-tabs-1 .nav-tabs li.active a,.fusion-tabs.fusion-tabs-1 .nav-tabs li.active a:hover,.fusion-tabs.fusion-tabs-1 .nav-tabs li.active a:focus{background-color:#ffffff;}.fusion-tabs.fusion-tabs-1 .nav-tabs li a:hover{background-color:#ffffff;border-top-color:#ffffff;}.fusion-tabs.fusion-tabs-1 .tab-pane{background-color:#ffffff;}.fusion-tabs.fusion-tabs-1 .nav,.fusion-tabs.fusion-tabs-1 .nav-tabs,.fusion-tabs.fusion-tabs-1 .tab-content .tab-pane{border-color:#ebeaea;}<\/style><div class=\"nav\"><ul class=\"nav-tabs\"><li class=\"active\"><a class=\"tab-link\" data-toggle=\"tab\" id=\"fusion-tab-\u00c7ed\" href=\"#tab-60d97894335e766d512\"><h4 class=\"fusion-tab-heading\">\u00c7ED<\/h4><\/a><\/li><li><a class=\"tab-link\" data-toggle=\"tab\" id=\"fusion-tab-service2\" href=\"#tab-0de2d6b958ff497e1ed\"><h4 class=\"fusion-tab-heading\">Service 2<\/h4><\/a><\/li><li><a class=\"tab-link\" data-toggle=\"tab\" id=\"fusion-tab-default\" href=\"#tab-5a928f16b9363276e30\"><h4 class=\"fusion-tab-heading\">default<\/h4><\/a><\/li><li><a class=\"tab-link\" data-toggle=\"tab\" id=\"fusion-tab-service3\" href=\"#tab-ee55dd85f511ec3b02b\"><h4 class=\"fusion-tab-heading\">Service 3<\/h4><\/a><\/li><\/ul><\/div><div class=\"tab-content\"><div class=\"nav fusion-mobile-tab-nav\"><ul class=\"nav-tabs\"><li class=\"active\"><a class=\"tab-link\" data-toggle=\"tab\" id=\"mobile-fusion-tab-\u00c7ed\" href=\"#tab-60d97894335e766d512\"><h4 class=\"fusion-tab-heading\">\u00c7ED<\/h4><\/a><\/li><\/ul><\/div><div class=\"tab-pane fade in active\" id=\"tab-60d97894335e766d512\">\n<p><strong>\u00c7evresel etki de\u011ferlendirmesi (\u00c7ED)<\/strong><\/p>\n<p>Ger\u00e7ekle\u015ftirilmesi planlanan projelerin \u00e7evreye olabilecek olumlu ve olumsuz etkilerinin belirlenmesinde, olumsuz y\u00f6ndeki etkilerin \u00f6nlenmesi ya da \u00e7evreye zarar vermeyecek \u00f6l\u00e7\u00fcde en aza indirilmesi i\u00e7in al\u0131nacak \u00f6nlemlerin, se\u00e7ilen yer ile teknoloji alternatiflerinin belirlenerek de\u011ferlendirilmesinde ve projelerin uygulanmas\u0131n\u0131n izlenmesi ve kontrol\u00fcnde s\u00fcrd\u00fcr\u00fclecek \u00e7al\u0131\u015fmalard\u0131r.<\/p>\n<p><strong>\u00c7evresel etki de\u011ferlendirmesi s\u00fcreci<\/strong><\/p>\n<p>Ger\u00e7ekle\u015ftirilmesi planlanan projenin \u00e7evresel etki de\u011ferlendirmesinin yap\u0131lmas\u0131 i\u00e7in ba\u015fvuru ile ba\u015flayan ve Bakanl\u0131k taraf\u0131ndan karar\u0131n verilmesi ile sona eren s\u00fcre\u00e7tir.<\/p>\n<p><strong>\u00c7evrimi\u00e7i \u00c7ED s\u00fcreci y\u00f6netim sistemi<\/strong><\/p>\n<p>Ek I ve Ek II listelerinde yer alan faaliyetlerin \u00c7ED s\u00fcrecindeki i\u015f ve i\u015flemlerinin elektronik ortamda ger\u00e7ekle\u015ftirilece\u011fi sistemdir.<\/p>\n<p>Ek I, Ek II ve Muafiyet Ba\u015fvurular\u0131 01.11.2013 tarihinden itibaren \u00c7evrimi\u00e7i \u00c7ED (e-\u00e7ed) sisteminden y\u00fcr\u00fct\u00fclmektedir.<\/p>\n<p>25.11.2014 tarih ve 29186 say\u0131l\u0131 Resmi Gazete&#8217;de yay\u0131mlanan \u00c7evresel Etki De\u011ferlendirmesi Y\u00f6netmeli\u011fi&#8217;ne tabi projeler i\u00e7in &#8220;\u00c7evresel Etki De\u011ferlendirmesi Olumlu&#8221; karar\u0131 veya &#8220;\u00c7evresel Etki De\u011ferlendirmesi Gerekli De\u011fildir&#8221; karar\u0131 al\u0131nmad\u0131k\u00e7a bu projelerle ilgili te\u015fvik, onay, izin, yap\u0131 ve kullan\u0131m ruhsat\u0131 verilemez, proje i\u00e7in yat\u0131r\u0131ma ba\u015flanamaz ve ihale edilemez.<\/p>\n<span class=\"fusion-imageframe imageframe-none imageframe-1 hover-type-none\"><img loading=\"lazy\" src=\"http:\/\/www.ornekdanismanlik.com\/2017\/wp-content\/uploads\/2017\/05\/Untitled1-288x300.png\" width=\"288\" height=\"300\" alt=\"\" title=\"Untitled1\" class=\"img-responsive wp-image-11941\" srcset=\"https:\/\/www.ornekdanismanlik.com\/2017\/wp-content\/uploads\/2017\/05\/Untitled1-200x208.png 200w, https:\/\/www.ornekdanismanlik.com\/2017\/wp-content\/uploads\/2017\/05\/Untitled1-400x416.png 400w, https:\/\/www.ornekdanismanlik.com\/2017\/wp-content\/uploads\/2017\/05\/Untitled1.png 470w\" sizes=\"(max-width: 800px) 100vw, 1100px\" \/><\/span>\n<p><strong>\u00c7ED NEDEN GEREKL\u0130D\u0130R ?<\/strong><\/p>\n<p>-Proje in\u015faat\u0131 ve i\u015fletilmesi s\u0131ras\u0131nda olu\u015fabilecek \u00f6nlemleri \u00f6nceden tesp\u015ft edebilme<\/p>\n<p>-Proje faaliyete ge\u00e7irilmeden \u00f6nce yer , teknoloji ve eylemsizlik alternatifini de\u011ferlendirebilme<\/p>\n<p>-Proje ile ilgili y\u00f6re halk\u0131 dahil b\u00fct\u00fcn taraflar\u0131n bir araya gelebilme, g\u00f6r\u00fc\u015f, \u00f6neri ve kayg\u0131lar\u0131n\u0131 ortaya koyabilme<\/p>\n<p>-Karar verme s\u00fcrecine y\u00f6nelik daha g\u00fcvenilir ve i\u015fbirlik\u00e7i bir yakla\u015f\u0131m sa\u011flamas\u0131na olanak vermektir.<\/p>\n<\/div><div class=\"nav fusion-mobile-tab-nav\"><ul class=\"nav-tabs\"><li><a class=\"tab-link\" data-toggle=\"tab\" id=\"mobile-fusion-tab-service2\" href=\"#tab-0de2d6b958ff497e1ed\"><h4 class=\"fusion-tab-heading\">Service 2<\/h4><\/a><\/li><\/ul><\/div><div class=\"tab-pane fade\" id=\"tab-0de2d6b958ff497e1ed\"><i class=\"fa fontawesome-icon fa-random circle-yes\" style=\"border-color:#333333;background-color:#333333;font-size:35.2px;line-height:70.4px;height:70.4px;width:70.4px;margin-right:20px;color:#ffffff;\"><\/i> Lid est laborum dolo rumes fugats untras. Etha rums ser quidem rerum facilis dolores nemis onis fugats vitaes nemo minima rerums unsers sadips amets. Ut enim ad minim veniam, quis nostrud Neque porro quisquam est, qui dolorem ipsum quia dolor sit amet, consectetur, adipisci amets uns. Etharums ser quidem rerum. Nemo enim ipsam voluptatem quia voluptas sit aspernatur aut odit aut fugit, sed quia consequuntur magni dolores eos qui ratione voluptatem sequi nesciunt. Asunt in anim uis aute irure dolor in reprehenderit in voluptate velit esse cillum dolore eu fugiat nulla dolores ipsums fugiats. Etha rums ser quidem rerum facilis dolores nemis onis fugats vitaes nemo minima rerums unsers sadips amets. Ut enim ad minim veniams sit.<\/div><div class=\"nav fusion-mobile-tab-nav\"><ul class=\"nav-tabs\"><li><a class=\"tab-link\" data-toggle=\"tab\" id=\"mobile-fusion-tab-default\" href=\"#tab-5a928f16b9363276e30\"><h4 class=\"fusion-tab-heading\">default<\/h4><\/a><\/li><\/ul><\/div><div class=\"tab-pane fade\" id=\"tab-693c3eb88399f514b3e\"><i class=\"fa fontawesome-icon fa-random circle-yes\" style=\"border-color:#333333;background-color:#333333;font-size:35.2px;line-height:70.4px;height:70.4px;width:70.4px;margin-right:20px;color:#ffffff;\"><\/i> Lid est laborum dolo rumes fugats untras. Etha rums ser quidem rerum facilis dolores nemis onis fugats vitaes nemo minima rerums unsers sadips amets. Ut enim ad minim veniam, quis nostrud Neque porro quisquam est, qui dolorem ipsum quia dolor sit amet, consectetur, adipisci amets uns. Etharums ser quidem rerum. Nemo enim ipsam voluptatem quia voluptas sit aspernatur aut odit aut fugit, sed quia consequuntur magni dolores eos qui ratione voluptatem sequi nesciunt. Asunt in anim uis aute irure dolor in reprehenderit in voluptate velit esse cillum dolore eu fugiat nulla dolores ipsums fugiats. Etha rums ser quidem rerum facilis dolores nemis onis fugats vitaes nemo minima rerums unsers sadips amets. Ut enim ad minim veniams sit.<\/div><div class=\"nav fusion-mobile-tab-nav\"><ul class=\"nav-tabs\"><li><a class=\"tab-link\" data-toggle=\"tab\" id=\"mobile-fusion-tab-service3\" href=\"#tab-ee55dd85f511ec3b02b\"><h4 class=\"fusion-tab-heading\">Service 3<\/h4><\/a><\/li><\/ul><\/div><div class=\"tab-pane fade\" id=\"tab-ee55dd85f511ec3b02b\"><i class=\"fa fontawesome-icon fa-random circle-yes\" style=\"border-color:#333333;background-color:#333333;font-size:35.2px;line-height:70.4px;height:70.4px;width:70.4px;margin-right:20px;color:#ffffff;\"><\/i> Lid est laborum dolo rumes fugats untras. Etha rums ser quidem rerum facilis dolores nemis onis fugats vitaes nemo minima rerums unsers sadips amets. Ut enim ad minim veniam, quis nostrud Neque porro quisquam est, qui dolorem ipsum quia dolor sit amet, consectetur, adipisci amets uns. Etharums ser quidem rerum. Nemo enim ipsam voluptatem quia voluptas sit aspernatur aut odit aut fugit, sed quia consequuntur magni dolores eos qui ratione voluptatem sequi nesciunt. Asunt in anim uis aute irure dolor in reprehenderit in voluptate velit esse cillum dolore eu fugiat nulla dolores ipsums fugiats. Etha rums ser quidem rerum facilis dolores nemis onis fugats vitaes nemo minima rerums unsers sadips amets. Ut enim ad minim veniams sit.<\/div><\/div><\/div><div class=\"fusion-clearfix\"><\/div>\n\n\t\t\t\t\t<\/div>\n\t\t\t\t<\/div><div  class=\"fusion-layout-column fusion_builder_column fusion_builder_column_1_2  fusion-one-half fusion-column-first 1_2\"  style='margin-top:0px;margin-bottom:20px;width:48%; margin-right: 4%;'>\n\t\t\t\t\t<div class=\"fusion-column-wrapper\" style=\"background-position:left top;background-repeat:no-repeat;-webkit-background-size:cover;-moz-background-size:cover;-o-background-size:cover;background-size:cover;\"  data-bg-url=\"\">\n\t\t\t\t\t\t<div class=\"fusion-title title fusion-title-size-two\" style=\"margin-top:0px;margin-bottom:30px;\"><h2 class=\"title-heading-left\">Why Choose Us<\/h2><div class=\"title-sep-container\"><div class=\"title-sep sep-double\" style=\"border-color:#e0dede;\"><\/div><\/div><\/div><ul class=\"arrow\">\n<li style=\"list-style-type: none;\">\n<ul class=\"arrow\">\n<li style=\"list-style-type: none;\">\n<ul class=\"arrow\">\n<li>Fully responsive so your content will always look good on any screen size<\/li>\n<li>Awesome sliders give you the opportunity to showcase important content<\/li>\n<li>Unlimited color options with a backed color picker, including the gradients<\/li>\n<li>Multiple layout options for home pages, portfolio section &amp; blog section<\/li>\n<li>We offer free support because we care about your site as much as you do.<\/li>\n<\/ul>\n<\/li>\n<\/ul>\n<\/li>\n<\/ul>\n<div class=\"fusion-clearfix\"><\/div>\n\n\t\t\t\t\t<\/div>\n\t\t\t\t<\/div><div  class=\"fusion-layout-column fusion_builder_column fusion_builder_column_1_2  fusion-one-half fusion-column-last 1_2\"  style='margin-top:0px;margin-bottom:20px;width:48%'>\n\t\t\t\t\t<div class=\"fusion-column-wrapper\" style=\"background-position:left top;background-repeat:no-repeat;-webkit-background-size:cover;-moz-background-size:cover;-o-background-size:cover;background-size:cover;\"  data-bg-url=\"\">\n\t\t\t\t\t\t<div class=\"fusion-title title fusion-title-size-two\" style=\"margin-top:0px;margin-bottom:30px;\"><h2 class=\"title-heading-left\">What Client&#8217;s Say<\/h2><div class=\"title-sep-container\"><div class=\"title-sep sep-double\" style=\"border-color:#e0dede;\"><\/div><\/div><\/div><div class=\"fusion-testimonials classic fusion-testimonials-1\" data-random=\"0\"><style type=\"text\/css\" scoped=\"scoped\">#fusion-testimonials-1 a{border-color:#747474;}#fusion-testimonials-1 a:hover, #fusion-testimonials-1 .activeSlide{background-color: #747474;}.fusion-testimonials.classic.fusion-testimonials-1 .author:after{border-top-color:#f6f6f6 !important;}<\/style><div class=\"reviews\"><div class=\"review male\"><blockquote><q style=\"background-color:#f6f6f6;color:#747474;\">Amazing theme and top class support, as I\u2019m a beginner, Luke helped me above and beyond and was more than patient, his responses were quick and he has a genuine care for you to enjoy and move forward with your theme! Highly recommended!<\/q><\/blockquote><div class=\"author\" style=\"color:#747474;\"><span class=\"testimonial-thumbnail doe\" style=\"color:#747474;\"><\/span><span class=\"company-name\"><strong>Lucasgriffin<\/strong>, <a href=\"http:\/\/themeforest.net\/item\/avada-responsive-multipurpose-theme\/2833226?ref=ThemeFusion\" target=\"_self\"><span>Avada<\/span><\/a><\/span><\/div><\/div><div class=\"review male\"><blockquote><q style=\"background-color:#f6f6f6;color:#747474;\">I bought this theme and i would like to recommend it to every one interested in building a website without knowledge of php or html. It is very convenient and the customer service is very reactive. I will say it in French \u201cBravo\u201d for this work!<\/q><\/blockquote><div class=\"author\" style=\"color:#747474;\"><span class=\"testimonial-thumbnail doe\" style=\"color:#747474;\"><\/span><span class=\"company-name\"><strong>Aajami<\/strong>, <a href=\"http:\/\/themeforest.net\/item\/avada-responsive-multipurpose-theme\/2833226?ref=ThemeFusion\" target=\"_self\"><span>Avada<\/span><\/a><\/span><\/div><\/div><div class=\"review male\"><blockquote><q style=\"background-color:#f6f6f6;color:#747474;\">Let me say something. You have an amazing theme and amazing\/awesome support. They helped me on weekend. This is what I call an \u201cextra mile\u201d in customer relationship. So I gave 5 stars for the theme and if I could, I\u2019d give 10 stars for support.<\/q><\/blockquote><div class=\"author\" style=\"color:#747474;\"><span class=\"testimonial-thumbnail doe\" style=\"color:#747474;\"><\/span><span class=\"company-name\"><strong>Gojcus<\/strong>, <a href=\"http:\/\/themeforest.net\/item\/avada-responsive-multipurpose-theme\/2833226?ref=ThemeFusion\" target=\"_self\"><span>Avada<\/span><\/a><\/span><\/div><\/div><\/div><\/div><div class=\"fusion-clearfix\"><\/div>\n\n\t\t\t\t\t<\/div>\n\t\t\t\t<\/div><\/div><\/div>\n","protected":false},"excerpt":{"rendered":"","protected":false},"author":1,"featured_media":0,"parent":0,"menu_order":0,"comment_status":"closed","ping_status":"closed","template":"","meta":[],"_links":{"self":[{"href":"https:\/\/www.ornekdanismanlik.com\/2017\/wp-json\/wp\/v2\/pages\/11937"}],"collection":[{"href":"https:\/\/www.ornekdanismanlik.com\/2017\/wp-json\/wp\/v2\/pages"}],"about":[{"href":"https:\/\/www.ornekdanismanlik.com\/2017\/wp-json\/wp\/v2\/types\/page"}],"author":[{"embeddable":true,"href":"https:\/\/www.ornekdanismanlik.com\/2017\/wp-json\/wp\/v2\/users\/1"}],"replies":[{"embeddable":true,"href":"https:\/\/www.ornekdanismanlik.com\/2017\/wp-json\/wp\/v2\/comments?post=11937"}],"version-history":[{"count":0,"href":"https:\/\/www.ornekdanismanlik.com\/2017\/wp-json\/wp\/v2\/pages\/11937\/revisions"}],"wp:attachment":[{"href":"https:\/\/www.ornekdanismanlik.com\/2017\/wp-json\/wp\/v2\/media?parent=11937"}],"curies":[{"name":"wp","href":"https:\/\/api.w.org\/{rel}","templated":true}]}}